{"id":2206,"date":"2023-05-25T14:02:19","date_gmt":"2023-05-25T14:02:19","guid":{"rendered":"https:\/\/flourish-centers.eu\/?page_id=2206"},"modified":"2024-01-15T11:07:26","modified_gmt":"2024-01-15T11:07:26","slug":"module-2-fr","status":"publish","type":"page","link":"https:\/\/flourish-centers.eu\/index.php\/fr\/module-2-fr\/","title":{"rendered":"Module 2"},"content":{"rendered":"\t\t<div data-elementor-type=\"wp-page\" data-elementor-id=\"2206\" class=\"elementor elementor-2206\">\n\t\t\t\t\t\t<section class=\"elementor-section elementor-top-section elementor-element elementor-element-c88b6ad elementor-section-boxed elementor-section-height-default elementor-section-height-default\" data-id=\"c88b6ad\" data-element_type=\"section\" data-e-type=\"section\" data-settings=\"{&quot;background_background&quot;:&quot;classic&quot;}\">\n\t\t\t\t\t\t\t<div class=\"elementor-background-overlay\"><\/div>\n\t\t\t\t\t\t\t<div class=\"elementor-container elementor-column-gap-default\">\n\t\t\t\t\t<div class=\"elementor-column elementor-col-100 elementor-top-column elementor-element elementor-element-cbb35a6\" data-id=\"cbb35a6\" data-element_type=\"column\" data-e-type=\"column\">\n\t\t\t<div class=\"elementor-widget-wrap elementor-element-populated\">\n\t\t\t\t\t\t<div class=\"elementor-element elementor-element-1b14c7b elementor-widget elementor-widget-spacer\" data-id=\"1b14c7b\" data-element_type=\"widget\" data-e-type=\"widget\" data-widget_type=\"spacer.default\">\n\t\t\t\t<div class=\"elementor-widget-container\">\n\t\t\t\t\t\t\t<div class=\"elementor-spacer\">\n\t\t\t<div class=\"elementor-spacer-inner\"><\/div>\n\t\t<\/div>\n\t\t\t\t\t\t<\/div>\n\t\t\t\t<\/div>\n\t\t\t\t<div class=\"elementor-element elementor-element-d2e35ba elementor-widget elementor-widget-heading\" data-id=\"d2e35ba\" data-element_type=\"widget\" data-e-type=\"widget\" data-widget_type=\"heading.default\">\n\t\t\t\t<div class=\"elementor-widget-container\">\n\t\t\t\t\t<h1 class=\"elementor-heading-title elementor-size-default\">Module 2 : \"Outils num\u00e9riques et socialisation et communication interg\u00e9n\u00e9rationnelles\"<\/h1>\t\t\t\t<\/div>\n\t\t\t\t<\/div>\n\t\t\t\t<div class=\"elementor-element elementor-element-9b1d0f2 elementor-widget elementor-widget-spacer\" data-id=\"9b1d0f2\" data-element_type=\"widget\" data-e-type=\"widget\" data-widget_type=\"spacer.default\">\n\t\t\t\t<div class=\"elementor-widget-container\">\n\t\t\t\t\t\t\t<div class=\"elementor-spacer\">\n\t\t\t<div class=\"elementor-spacer-inner\"><\/div>\n\t\t<\/div>\n\t\t\t\t\t\t<\/div>\n\t\t\t\t<\/div>\n\t\t\t\t\t<\/div>\n\t\t<\/div>\n\t\t\t\t\t<\/div>\n\t\t<\/section>\n\t\t\t\t<section class=\"elementor-section elementor-top-section elementor-element elementor-element-b41d394 elementor-section-boxed elementor-section-height-default elementor-section-height-default\" data-id=\"b41d394\" data-element_type=\"section\" data-e-type=\"section\">\n\t\t\t\t\t\t<div class=\"elementor-container elementor-column-gap-default\">\n\t\t\t\t\t<div class=\"elementor-column elementor-col-100 elementor-top-column elementor-element elementor-element-4f2e22e\" data-id=\"4f2e22e\" data-element_type=\"column\" data-e-type=\"column\">\n\t\t\t<div class=\"elementor-widget-wrap elementor-element-populated\">\n\t\t\t\t\t\t<div class=\"elementor-element elementor-element-0eebffc elementor-widget elementor-widget-spacer\" data-id=\"0eebffc\" data-element_type=\"widget\" data-e-type=\"widget\" data-widget_type=\"spacer.default\">\n\t\t\t\t<div class=\"elementor-widget-container\">\n\t\t\t\t\t\t\t<div class=\"elementor-spacer\">\n\t\t\t<div class=\"elementor-spacer-inner\"><\/div>\n\t\t<\/div>\n\t\t\t\t\t\t<\/div>\n\t\t\t\t<\/div>\n\t\t\t\t<div class=\"elementor-element elementor-element-237b008 elementor-widget elementor-widget-text-editor\" data-id=\"237b008\" data-element_type=\"widget\" data-e-type=\"widget\" data-widget_type=\"text-editor.default\">\n\t\t\t\t<div class=\"elementor-widget-container\">\n\t\t\t\t\t\t\t\t\t<p>L&#8217;unit\u00e9 d&#8217;apprentissage &#8220;Outils num\u00e9riques et socialisation et communication interg\u00e9n\u00e9rationnelles&#8221; vise \u00e0 explorer le r\u00f4le que jouent les m\u00e9dias et les outils num\u00e9riques en g\u00e9n\u00e9ral dans l&#8217;interaction entre diff\u00e9rents groupes, ainsi que les m\u00e9dias qui peuvent faciliter ce processus et la mani\u00e8re dont ils peuvent le faire. Tout d&#8217;abord, l&#8217;unit\u00e9 d\u00e9finira ce que signifie la socialisation interg\u00e9n\u00e9rationnelle, en se concentrant particuli\u00e8rement sur l&#8217;aspect num\u00e9rique, puis elle montrera comment les jeunes et les personnes \u00e2g\u00e9es peuvent interagir \u00e0 l&#8217;aide des outils de m\u00e9dias sociaux, en expliquant \u00e9galement les avantages et les risques des r\u00e9seaux sociaux. \u00c0 la fin de l&#8217;unit\u00e9, l&#8217;apprenant peut \u00e9valuer ses connaissances \u00e0 l&#8217;aide d&#8217;un quiz amusant.<br \/>Le module s&#8217;adresse \u00e0 la fois aux formateurs d&#8217;adultes et aux personnes \u00e2g\u00e9es.<\/p>\t\t\t\t\t\t\t\t<\/div>\n\t\t\t\t<\/div>\n\t\t\t\t<div class=\"elementor-element elementor-element-8070377 elementor-widget elementor-widget-spacer\" data-id=\"8070377\" data-element_type=\"widget\" data-e-type=\"widget\" data-widget_type=\"spacer.default\">\n\t\t\t\t<div class=\"elementor-widget-container\">\n\t\t\t\t\t\t\t<div class=\"elementor-spacer\">\n\t\t\t<div class=\"elementor-spacer-inner\"><\/div>\n\t\t<\/div>\n\t\t\t\t\t\t<\/div>\n\t\t\t\t<\/div>\n\t\t\t\t<div class=\"elementor-element elementor-element-895f292 elementor-widget elementor-widget-html\" data-id=\"895f292\" data-element_type=\"widget\" data-e-type=\"widget\" data-widget_type=\"html.default\">\n\t\t\t\t<div class=\"elementor-widget-container\">\n\t\t\t\t\t<div style=\"width: 100%;\"><div style=\"position: relative; padding-bottom: 56.25%; padding-top: 0; height: 0;\"><iframe title=\"FLOURISH-PR1-LU2-FR\" frameborder=\"0\" width=\"1200\" height=\"675\" style=\"position: absolute; top: 0; left: 0; width: 100%; height: 100%;\" src=\"https:\/\/view.genial.ly\/64255466a0cc6f0011c01b2f\" type=\"text\/html\" allowscriptaccess=\"always\" allowfullscreen=\"true\" scrolling=\"yes\" allownetworking=\"all\"><\/iframe> <\/div> <\/div>\t\t\t\t<\/div>\n\t\t\t\t<\/div>\n\t\t\t\t<div class=\"elementor-element elementor-element-93c863c elementor-widget elementor-widget-spacer\" data-id=\"93c863c\" data-element_type=\"widget\" data-e-type=\"widget\" data-widget_type=\"spacer.default\">\n\t\t\t\t<div class=\"elementor-widget-container\">\n\t\t\t\t\t\t\t<div class=\"elementor-spacer\">\n\t\t\t<div class=\"elementor-spacer-inner\"><\/div>\n\t\t<\/div>\n\t\t\t\t\t\t<\/div>\n\t\t\t\t<\/div>\n\t\t\t\t\t<\/div>\n\t\t<\/div>\n\t\t\t\t\t<\/div>\n\t\t<\/section>\n\t\t\t\t<section class=\"elementor-section elementor-top-section elementor-element elementor-element-1ec8de0 elementor-section-boxed elementor-section-height-default elementor-section-height-default\" data-id=\"1ec8de0\" data-element_type=\"section\" data-e-type=\"section\">\n\t\t\t\t\t\t<div class=\"elementor-container elementor-column-gap-default\">\n\t\t\t\t\t<div class=\"elementor-column elementor-col-33 elementor-top-column elementor-element elementor-element-a3bd356\" data-id=\"a3bd356\" data-element_type=\"column\" data-e-type=\"column\">\n\t\t\t<div class=\"elementor-widget-wrap elementor-element-populated\">\n\t\t\t\t\t\t<div class=\"elementor-element elementor-element-33322b1 elementor-widget elementor-widget-spacer\" data-id=\"33322b1\" data-element_type=\"widget\" data-e-type=\"widget\" data-widget_type=\"spacer.default\">\n\t\t\t\t<div class=\"elementor-widget-container\">\n\t\t\t\t\t\t\t<div class=\"elementor-spacer\">\n\t\t\t<div class=\"elementor-spacer-inner\"><\/div>\n\t\t<\/div>\n\t\t\t\t\t\t<\/div>\n\t\t\t\t<\/div>\n\t\t\t\t<div class=\"elementor-element elementor-element-618e87e elementor-widget elementor-widget-image\" data-id=\"618e87e\" data-element_type=\"widget\" data-e-type=\"widget\" data-widget_type=\"image.default\">\n\t\t\t\t<div class=\"elementor-widget-container\">\n\t\t\t\t\t\t\t\t\t\t\t\t\t\t\t<img decoding=\"async\" width=\"300\" height=\"63\" src=\"https:\/\/flourish-centers.eu\/wp-content\/uploads\/2022\/07\/EN-Co-Funded-by-the-EU_POS-300x63.png\" class=\"attachment-medium size-medium wp-image-1042\" alt=\"\" srcset=\"https:\/\/flourish-centers.eu\/wp-content\/uploads\/2022\/07\/EN-Co-Funded-by-the-EU_POS-300x63.png 300w, https:\/\/flourish-centers.eu\/wp-content\/uploads\/2022\/07\/EN-Co-Funded-by-the-EU_POS-1024x215.png 1024w, https:\/\/flourish-centers.eu\/wp-content\/uploads\/2022\/07\/EN-Co-Funded-by-the-EU_POS-768x161.png 768w, https:\/\/flourish-centers.eu\/wp-content\/uploads\/2022\/07\/EN-Co-Funded-by-the-EU_POS-1536x322.png 1536w, https:\/\/flourish-centers.eu\/wp-content\/uploads\/2022\/07\/EN-Co-Funded-by-the-EU_POS-2048x430.png 2048w, https:\/\/flourish-centers.eu\/wp-content\/uploads\/2022\/07\/EN-Co-Funded-by-the-EU_POS-720x151.png 720w\" sizes=\"(max-width: 300px) 100vw, 300px\" \/>\t\t\t\t\t\t\t\t\t\t\t\t\t\t\t<\/div>\n\t\t\t\t<\/div>\n\t\t\t\t<div class=\"elementor-element elementor-element-bb8703b elementor-widget elementor-widget-text-editor\" data-id=\"bb8703b\" data-element_type=\"widget\" data-e-type=\"widget\" data-widget_type=\"text-editor.default\">\n\t\t\t\t<div class=\"elementor-widget-container\">\n\t\t\t\t\t\t\t\t\t<p>Financ\u00e9 par l\u2019Union europ\u00e9enne. Les points de vue et avis exprim\u00e9s n\u2019engagent toutefois que leur(s) auteur(s) et ne refl\u00e8tent pas n\u00e9cessairement ceux de l\u2019Union europ\u00e9enne ou de l\u2019Agence ex\u00e9cutive europ\u00e9enne pour l\u2019\u00e9ducation et la culture (EACEA). Ni l\u2019Union europ\u00e9enne ni l\u2019EACEA ne sauraient en \u00eatre tenues pour responsables. 2021-1-FR01-KA220-ADU-000035344<\/p>\t\t\t\t\t\t\t\t<\/div>\n\t\t\t\t<\/div>\n\t\t\t\t\t<\/div>\n\t\t<\/div>\n\t\t\t\t<div class=\"elementor-column elementor-col-33 elementor-top-column elementor-element elementor-element-c522dbb\" data-id=\"c522dbb\" data-element_type=\"column\" data-e-type=\"column\">\n\t\t\t<div class=\"elementor-widget-wrap\">\n\t\t\t\t\t\t\t<\/div>\n\t\t<\/div>\n\t\t\t\t<div class=\"elementor-column elementor-col-33 elementor-top-column elementor-element elementor-element-5bda35c\" data-id=\"5bda35c\" data-element_type=\"column\" data-e-type=\"column\">\n\t\t\t<div class=\"elementor-widget-wrap elementor-element-populated\">\n\t\t\t\t\t\t<div class=\"elementor-element elementor-element-a548807 elementor-widget elementor-widget-spacer\" data-id=\"a548807\" data-element_type=\"widget\" data-e-type=\"widget\" data-widget_type=\"spacer.default\">\n\t\t\t\t<div class=\"elementor-widget-container\">\n\t\t\t\t\t\t\t<div class=\"elementor-spacer\">\n\t\t\t<div class=\"elementor-spacer-inner\"><\/div>\n\t\t<\/div>\n\t\t\t\t\t\t<\/div>\n\t\t\t\t<\/div>\n\t\t\t\t<div class=\"elementor-element elementor-element-3420c99 elementor-widget elementor-widget-image\" data-id=\"3420c99\" data-element_type=\"widget\" data-e-type=\"widget\" data-widget_type=\"image.default\">\n\t\t\t\t<div class=\"elementor-widget-container\">\n\t\t\t\t\t\t\t\t\t\t\t\t\t\t\t\t<a href=\"http:\/\/flourish-centers.eu\/\">\n\t\t\t\t\t\t\t<img decoding=\"async\" width=\"150\" height=\"150\" src=\"https:\/\/flourish-centers.eu\/wp-content\/uploads\/2022\/01\/cropped-FLOURISH-LOGO-small-white-back-2-150x150.png\" class=\"attachment-thumbnail size-thumbnail wp-image-69\" alt=\"\" srcset=\"https:\/\/flourish-centers.eu\/wp-content\/uploads\/2022\/01\/cropped-FLOURISH-LOGO-small-white-back-2-150x150.png 150w, https:\/\/flourish-centers.eu\/wp-content\/uploads\/2022\/01\/cropped-FLOURISH-LOGO-small-white-back-2.png 250w\" sizes=\"(max-width: 150px) 100vw, 150px\" \/>\t\t\t\t\t\t\t\t<\/a>\n\t\t\t\t\t\t\t\t\t\t\t\t\t\t\t<\/div>\n\t\t\t\t<\/div>\n\t\t\t\t<div class=\"elementor-element elementor-element-d5bbac8 elementor-widget elementor-widget-text-editor\" data-id=\"d5bbac8\" data-element_type=\"widget\" data-e-type=\"widget\" data-widget_type=\"text-editor.default\">\n\t\t\t\t<div class=\"elementor-widget-container\">\n\t\t\t\t\t\t\t\t\t<a style=\"color: #073b4c;\" href=\"http:\/\/flourish-centers.eu\/index.php\/terms-of-use\/\" target=\"_blank\" rel=\"noopener\">Terms of Use<\/a>\t\t\t\t\t\t\t\t<\/div>\n\t\t\t\t<\/div>\n\t\t\t\t<div class=\"elementor-element elementor-element-86c8458 elementor-shape-circle e-grid-align-right elementor-grid-0 elementor-widget elementor-widget-social-icons\" data-id=\"86c8458\" data-element_type=\"widget\" data-e-type=\"widget\" data-widget_type=\"social-icons.default\">\n\t\t\t\t<div class=\"elementor-widget-container\">\n\t\t\t\t\t\t\t<div class=\"elementor-social-icons-wrapper elementor-grid\" role=\"list\">\n\t\t\t\t\t\t\t<span class=\"elementor-grid-item\" role=\"listitem\">\n\t\t\t\t\t<a class=\"elementor-icon elementor-social-icon elementor-social-icon-facebook elementor-animation-grow elementor-repeater-item-bce114b\" href=\"https:\/\/www.facebook.com\/Flourish-Centers-111037454816606\/\" target=\"_blank\">\n\t\t\t\t\t\t<span class=\"elementor-screen-only\">Facebook<\/span>\n\t\t\t\t\t\t<i aria-hidden=\"true\" class=\"fab fa-facebook\"><\/i>\t\t\t\t\t<\/a>\n\t\t\t\t<\/span>\n\t\t\t\t\t\t\t<span class=\"elementor-grid-item\" role=\"listitem\">\n\t\t\t\t\t<a class=\"elementor-icon elementor-social-icon elementor-social-icon-youtube elementor-animation-grow elementor-repeater-item-362d5e4\" href=\"https:\/\/www.youtube.com\/@flourishcenters\" target=\"_blank\">\n\t\t\t\t\t\t<span class=\"elementor-screen-only\">Youtube<\/span>\n\t\t\t\t\t\t<i aria-hidden=\"true\" class=\"fab fa-youtube\"><\/i>\t\t\t\t\t<\/a>\n\t\t\t\t<\/span>\n\t\t\t\t\t<\/div>\n\t\t\t\t\t\t<\/div>\n\t\t\t\t<\/div>\n\t\t\t\t\t<\/div>\n\t\t<\/div>\n\t\t\t\t\t<\/div>\n\t\t<\/section>\n\t\t\t\t<section class=\"elementor-section elementor-top-section elementor-element elementor-element-1561609 elementor-section-boxed elementor-section-height-default elementor-section-height-default\" data-id=\"1561609\" data-element_type=\"section\" data-e-type=\"section\">\n\t\t\t\t\t\t<div class=\"elementor-container elementor-column-gap-default\">\n\t\t\t\t\t<div class=\"elementor-column elementor-col-100 elementor-top-column elementor-element elementor-element-aa8dba2\" data-id=\"aa8dba2\" data-element_type=\"column\" data-e-type=\"column\">\n\t\t\t<div class=\"elementor-widget-wrap elementor-element-populated\">\n\t\t\t\t\t\t<div class=\"elementor-element elementor-element-fccb1c8 elementor-widget-divider--view-line elementor-widget elementor-widget-divider\" data-id=\"fccb1c8\" data-element_type=\"widget\" data-e-type=\"widget\" data-widget_type=\"divider.default\">\n\t\t\t\t<div class=\"elementor-widget-container\">\n\t\t\t\t\t\t\t<div class=\"elementor-divider\">\n\t\t\t<span class=\"elementor-divider-separator\">\n\t\t\t\t\t\t<\/span>\n\t\t<\/div>\n\t\t\t\t\t\t<\/div>\n\t\t\t\t<\/div>\n\t\t\t\t\t<\/div>\n\t\t<\/div>\n\t\t\t\t\t<\/div>\n\t\t<\/section>\n\t\t\t\t<section class=\"elementor-section elementor-top-section elementor-element elementor-element-a8f8562 elementor-section-boxed elementor-section-height-default elementor-section-height-default\" data-id=\"a8f8562\" data-element_type=\"section\" data-e-type=\"section\">\n\t\t\t\t\t\t<div class=\"elementor-container elementor-column-gap-default\">\n\t\t\t\t\t<div class=\"elementor-column elementor-col-33 elementor-top-column elementor-element elementor-element-554a317\" data-id=\"554a317\" data-element_type=\"column\" data-e-type=\"column\">\n\t\t\t<div class=\"elementor-widget-wrap elementor-element-populated\">\n\t\t\t\t\t\t<div class=\"elementor-element elementor-element-2710bfb elementor-widget elementor-widget-text-editor\" data-id=\"2710bfb\" data-element_type=\"widget\" data-e-type=\"widget\" data-widget_type=\"text-editor.default\">\n\t\t\t\t<div class=\"elementor-widget-container\">\n\t\t\t\t\t\t\t\t\t<p>Copyright \u00a9 2022 FLOURISH. All Rights Reserved<\/p>\t\t\t\t\t\t\t\t<\/div>\n\t\t\t\t<\/div>\n\t\t\t\t\t<\/div>\n\t\t<\/div>\n\t\t\t\t<div class=\"elementor-column elementor-col-33 elementor-top-column elementor-element elementor-element-aa5bf7b\" data-id=\"aa5bf7b\" data-element_type=\"column\" data-e-type=\"column\">\n\t\t\t<div class=\"elementor-widget-wrap\">\n\t\t\t\t\t\t\t<\/div>\n\t\t<\/div>\n\t\t\t\t<div class=\"elementor-column elementor-col-33 elementor-top-column elementor-element elementor-element-c79df49\" data-id=\"c79df49\" data-element_type=\"column\" data-e-type=\"column\">\n\t\t\t<div class=\"elementor-widget-wrap elementor-element-populated\">\n\t\t\t\t\t\t<div class=\"elementor-element elementor-element-11a9ccf elementor-widget elementor-widget-text-editor\" data-id=\"11a9ccf\" data-element_type=\"widget\" data-e-type=\"widget\" data-widget_type=\"text-editor.default\">\n\t\t\t\t<div class=\"elementor-widget-container\">\n\t\t\t\t\t\t\t\t\t<p>Powered by <a style=\"color: #073b4c;\" href=\"https:\/\/innovationhive.eu\/\" target=\"_blank\" rel=\"noopener\">Innovation Hive<\/a><\/p>\t\t\t\t\t\t\t\t<\/div>\n\t\t\t\t<\/div>\n\t\t\t\t\t<\/div>\n\t\t<\/div>\n\t\t\t\t\t<\/div>\n\t\t<\/section>\n\t\t\t\t<\/div>\n\t\t","protected":false},"excerpt":{"rendered":"<p>Module 2 : &#8220;Outils num\u00e9riques et socialisation et communication interg\u00e9n\u00e9rationnelles&#8221; L&#8217;unit\u00e9 d&#8217;apprentissage &#8220;Outils num\u00e9riques et socialisation et communication interg\u00e9n\u00e9rationnelles&#8221; vise [&hellip;]<\/p>\n","protected":false},"author":1,"featured_media":0,"parent":0,"menu_order":0,"comment_status":"closed","ping_status":"closed","template":"page-templates\/template_page-builder.php","meta":{"_monsterinsights_skip_tracking":false,"_monsterinsights_sitenote_active":false,"_monsterinsights_sitenote_note":"","_monsterinsights_sitenote_category":0,"footnotes":""},"class_list":["post-2206","page","type-page","status-publish","hentry"],"aioseo_notices":[],"_links":{"self":[{"href":"https:\/\/flourish-centers.eu\/index.php\/wp-json\/wp\/v2\/pages\/2206","targetHints":{"allow":["GET"]}}],"collection":[{"href":"https:\/\/flourish-centers.eu\/index.php\/wp-json\/wp\/v2\/pages"}],"about":[{"href":"https:\/\/flourish-centers.eu\/index.php\/wp-json\/wp\/v2\/types\/page"}],"author":[{"embeddable":true,"href":"https:\/\/flourish-centers.eu\/index.php\/wp-json\/wp\/v2\/users\/1"}],"replies":[{"embeddable":true,"href":"https:\/\/flourish-centers.eu\/index.php\/wp-json\/wp\/v2\/comments?post=2206"}],"version-history":[{"count":7,"href":"https:\/\/flourish-centers.eu\/index.php\/wp-json\/wp\/v2\/pages\/2206\/revisions"}],"predecessor-version":[{"id":3320,"href":"https:\/\/flourish-centers.eu\/index.php\/wp-json\/wp\/v2\/pages\/2206\/revisions\/3320"}],"wp:attachment":[{"href":"https:\/\/flourish-centers.eu\/index.php\/wp-json\/wp\/v2\/media?parent=2206"}],"curies":[{"name":"wp","href":"https:\/\/api.w.org\/{rel}","templated":true}]}}